{"id":72,"date":"2020-03-12T03:37:06","date_gmt":"2020-03-12T03:37:06","guid":{"rendered":"https:\/\/www.forodelsectorsocial.org.ar\/osc\/dashboard\/"},"modified":"2024-09-04T18:37:25","modified_gmt":"2024-09-04T18:37:25","slug":"panel","status":"publish","type":"page","link":"https:\/\/www.forodelsectorsocial.org.ar\/osc\/panel\/","title":{"rendered":"Mi panel"},"content":{"rendered":"<div class=\"directorist-login-wrapper directorist-authentication active directorist-w-100\">\n    <div class=\"directorist-container-fluid\">\n        <div class=\"directorist-row\">\n            <div class=\"directorist-col-md-6 directorist-offset-md-3\">\n\t\t\t\t<div class=\"atbdp_login_form_shortcode directorist-authentication__form\">\n\t\t\t\t\t\n\t\t\t\t\t\n\t\t\t\t\t\t\t\t\t\t\t<form action=\"#\" id=\"login\" method=\"POST\">\n\t\t\t\t\t\t\t<p class=\"status\"><\/p>\n\t\t\t\t\t\t\t<div class=\"directorist-form-group directorist-mb-15\">\n\t\t\t\t\t\t\t\t<label for=\"directorist__authentication__signin__username\">Usuario o email<\/label>\n\t\t\t\t\t\t\t\t<input type=\"text\" class=\"directorist-form-element\" id=\"username\" name=\"username\" \/>\n\t\t\t\t\t\t\t<\/div>\n\n\t\t\t\t\t\t\t<div class=\"directorist-form-group\">\n\t\t\t\t\t\t\t\t<label for=\"directorist__authentication__signin__password\">Contrase\u00f1a<\/label>\n\t\t\t\t\t\t\t\t<input type=\"password\" id=\"password\" autocomplete=\"off\" name=\"password\" class=\"directorist-form-element\" \/>\n\t\t\t\t\t\t\t<\/div>\n\n\t\t\t\t\t\t\t<div class=\"directorist-authentication__form__actions\">\n\t\t\t\t\t\t\t\t<div class=\"keep_signed directorist-checkbox\">\n\t\t\t\t\t\t\t\t\t\t\t\t\t\t\t\t\t\t\t<input type=\"checkbox\" id=\"directorist_login_keep_signed_in\" value=\"1\" name=\"keep_signed_in\" checked \/>\n\t\t\t\t\t\t\t\t\t\t<label for=\"directorist_login_keep_signed_in\" class=\"directorist-checkbox__label not_empty\">\n\t\t\t\t\t\t\t\t\t\t\tRecordarme\t\t\t\t\t\t\t\t\t\t<\/label>\n\t\t\t\t\t\t\t\t\t\t\t\t\t\t\t\t\t<\/div>\n\n\t\t\t\t\t\t\t\t<a href='' class='atbdp_recovery_pass'> Recuperar contrase\u00f1a<\/a>\t\t\t\t\t\t\t<\/div>\n\n\t\t\t\t\t\t\t<div class=\"directorist-form-group atbd_login_btn_wrapper directorist-mb-15 directorist-authentication__form__btn-wrapper\">\n\t\t\t\t\t\t\t\t<button class=\"directorist-btn directorist-btn-block directorist-btn-primary directorist-authentication__form__btn\" type=\"submit\" value=\"Acceder\" name=\"submit\" aria-label=\"Signin Button\">Acceder<\/button>\n\t\t\t\t\t\t\t\t<input type=\"hidden\" id=\"security\" name=\"security\" value=\"20069d21b9\" \/><input type=\"hidden\" name=\"_wp_http_referer\" value=\"\/osc\/wp-json\/wp\/v2\/pages\/72\" \/>\t\t\t\t\t\t\t<\/div>\n\t\t\t\t\t\t<\/form>\n\n\t\t\t\t\t\t<div class=\"atbd_social_login\">\n\t\t\t\t\t\t\t\t\t\t\t\t\t<\/div>\n\n\t\t\t\t\t\t\t\t\t\t\t\t\t<div class=\"directorist-authentication__form__toggle-area\">\n\t\t\t\t\t\t\t\t\u00bfA\u00fan no tiene una cuenta de usuario?\t\t\t\t\t\t\t\t<button class=\"directorist-authentication__btn directorist-authentication__btn--signup\" aria-label=\"Signup Button\">Reg\u00edstrese<\/button>\n\t\t\t\t\t\t\t<\/div>\n\t\t\t\t\t\t\n\t\t\t\t\t\t\n\t\t\t\t\t\t<div id=\"recover-pass-modal\" class=\"directorist-mt-15 directorist-authentication__form__recover-pass-modal\">\n\t\t\t\t\t\t\t<form method=\"post\">\n\t\t\t\t\t\t\t\t<fieldset class=\"directorist-form-group\">\n\t\t\t\t\t\t\t\t\t<p>\u00bfPerdi\u00f3 su contrase\u00f1a? Por favor, introduzca su direcci\u00f3n de correo electr\u00f3nico. Recibir\u00e1 un enlace para crear una nueva contrase\u00f1a por correo electr\u00f3nico.<\/p>\n\t\t\t\t\t\t\t\t\t<label for=\"reset_user_login\">Email<\/label>\n\t\t\t\t\t\t\t\t\t<input type=\"text\" class=\"directorist-mb-15 directorist-form-element\" name=\"user_login\" id=\"reset_user_login\" value=\"\" placeholder=\"nombre@dominio.com\" required=\"required\" \/>\n\t\t\t\t\t\t\t\t\t<div class=\"directorist-authentication__form__btn-wrapper\">\n\t\t\t\t\t\t\t\t\t\t<input type=\"hidden\" name=\"action\" value=\"reset\" \/>\n\t\t\t\t\t\t\t\t\t\t<button type=\"submit\" class=\"directorist-btn directorist-btn-primary directorist-authentication__form__btn\" id=\"directorist__authentication__submit\" aria-label=\"Recover Password Button\">Obtener nueva contrase\u00f1a<\/button>\n\t\t\t\t\t\t\t\t\t\t<input type=\"hidden\" value=\"511867476e\" name=\"directorist_nonce\">\n\t\t\t\t\t\t\t\t\t<\/div>\n\t\t\t\t\t\t\t\t<\/fieldset>\n\t\t\t\t\t\t\t<\/form>\n\t\t\t\t\t\t<\/div>\n\t\t\t\t\t\t\t\t\t<\/div><!-- \/.atbdp_login_form_shortcode -->\n\t\t\t<\/div>\n\t\t<\/div>\n\t<\/div>\n<\/div>\n\n\n<div class=\"directorist-registration-wrapper directorist-authentication directorist-w-100\">\n\t<div class=\"directorist-container-fluid\">\n\t\t<div class=\"directorist-row\">\n\t\t\t<div class=\"directorist-col-md-6 directorist-offset-md-3\">\n\t\t\t\t<div class=\"directory_register_form_wrap directorist-authentication__form\">\n\t\t\t\t\t<div class=\"add_listing_title atbd_success_mesage directorist-authentication__message\">\n\t\t\t\t\t\t\t\t\t\t\t\t<!--Registration failed, so show notification.-->\n\t\t\t\t\t\t<p style=\"padding: 20px; display:none;\" class=\"alert-danger directorist-register-error\"><i class=\"directorist-icon-mask\" aria-hidden=\"true\" style=\"--directorist-icon: url(https:\/\/www.forodelsectorsocial.org.ar\/osc\/wp-content\/plugins\/directorist\/assets\/icons\/line-awesome\/svgs\/exclamation-triangle-solid.svg)\"><\/i><\/p>\n\t\t\t\t\t<\/div>\n\t\t\t\t\t<form action=\"https:\/\/www.forodelsectorsocial.org.ar\/osc\/panel\/\" method=\"post\" class=\"directorist__authentication__signup\">\n\t\t\t\t\t\t<div class=\"directorist-form-group directorist-mb-35\">\n\t\t\t\t\t\t\t<label for=\"directorist__authentication__signup__username\">Nombre de usuario <strong class=\"directorist-form-required\">*<\/strong><\/label>\n\t\t\t\t\t\t\t<input id=\"directorist__authentication__signup__username\" class=\"directorist-form-element\" type=\"text\" name=\"username\" value=\"\" required>\n\t\t\t\t\t\t<\/div>\n\t\t\t\t\t\t<div class=\"directorist-form-group directorist-mb-35\">\n\t\t\t\t\t\t\t<label for=\"directorist__authentication__signup__email\">Email <strong class=\"directorist-form-required\">*<\/strong><\/label>\n\t\t\t\t\t\t\t<input id=\"directorist__authentication__signup__email\" class=\"directorist-form-element\" type=\"text\" name=\"email\" value=\"\" required>\n\t\t\t\t\t\t<\/div>\n\t\t\t\t\t\t\t\t\t\t\t\t\t<div class=\"directorist-form-group directorist-mb-35\">\n\t\t\t\t\t\t\t\t<label for=\"directorist__authentication__signup__password\">Contrase\u00f1a<strong class=\"directorist-form-required\">*<\/strong><\/label>\n\t\t\t\t\t\t\t\t<input id=\"directorist__authentication__signup__password\" class=\"directorist-form-element\" type=\"password\" name=\"password\" value=\"\" required>\n\t\t\t\t\t\t\t<\/div>\n\t\t\t\t\t\t\t\t\t\t\t\t\t\t\t\t\t\t\t\t\t\t\t\t\t\t\t\t\t\t\t\t\t\t\t\t\t\t\t\t\t\t\t<div class=\"atbd_user_type_area directory_regi_btn directorist-radio directorist-radio-circle directorist-mb-35\">\n\t\t\t\t\t\t\t\t<input id=\"author_type\" type=\"radio\" name=\"user_type\" value=\"author\" checked><label for=\"author_type\" class=\"directorist-radio__label\">Soy un autor\t\t\t\t\t\t\t<\/div>\n\t\t\t\t\t\t\t\t\t\t\t\t\t\t\t\t\t\t\t\t\t<div class=\"atbd_user_type_area directory_regi_btn directorist-radio directorist-radio-circle directorist-mb-35\">\n\t\t\t\t\t\t\t\t<input id=\"general_type\" type=\"radio\" name=\"user_type\" value=\"general\" ><label for=\"general_type\" class=\"directorist-radio__label\">Soy un usuario\t\t\t\t\t\t\t<\/div>\n\t\t\t\t\t\t\t\t\t\t\t\t\t\t\t\t\t\t\t\n\t\t\t\t\t\t\t\t\t\t\t\t\t<div class=\"atbd_privacy_policy_area directory_regi_btn directorist-checkbox directorist-mb-20\">\n\t\t\t\t\t\t\t\t<input id=\"directorist__authentication__signup__privacy_policy\" type=\"checkbox\" name=\"privacy_policy\" >\n\t\t\t\t\t\t\t\t<label for=\"directorist__authentication__signup__privacy_policy\" class=\"directorist-checkbox__label\">Estoy de acuerdo con  <a style=\"color: red\" target=\"_blank\" href=\"\">Pol\u00edtica de Privacidad<\/a> <span class=\"directorist-form-required\">*<\/span><\/label>\n\t\t\t\t\t\t\t<\/div>\n\t\t\t\t\t\t\t\t\t\t\t\t\t\t\t\t\t\t\t<div class=\"atbd_term_and_condition_area directory_regi_btn directorist-checkbox directorist-mb-30\">\n\t\t\t\t\t\t\t\t<input id=\"directorist__authentication__signup__listing_t\" type=\"checkbox\" name=\"t_c_check\" >\n\t\t\t\t\t\t\t\t<label for=\"directorist__authentication__signup__listing_t\" class=\"directorist-checkbox__label\">Estoy de acuerdo con \t\t\t\t\t\t\t\t\t<a style=\"color: red\" target=\"_blank\" href=\"https:\/\/www.forodelsectorsocial.org.ar\/osc\/terminos-y-condiciones\/\">T\u00e9rminos y condiciones<\/a> <span class=\"directorist-form-required\">*<\/span><\/label>\n\t\t\t\t\t\t\t<\/div>\n\t\t\t\t\t\t\n\t\t\t\t\t\t\t\t\t\t\t\t<div class=\"directory_regi_btn directorist-mb-15\">\n\t\t\t\t\t\t\t\t\t\t\t\t\t\t<input type=\"hidden\" value=\"511867476e\" name=\"directorist_nonce\">\n\t\t\t\t\t\t\t<button type=\"submit\" class=\"directorist-btn directorist-btn-primary directorist-authentication__form__btn\" name=\"atbdp_user_submit\">Registrarme<\/button>\n\t\t\t\t\t\t<\/div>\n\t\t\t\t\t\t\t\t\t\t\t\t\t<div class=\"directory_regi_btn directorist-authentication__form__toggle-area\">\n\t\t\t\t\t\t\t\t<p>Ya est\u00e1 registrado? Por favor acceda desde <button class=\"directorist-authentication__btn directorist-authentication__btn--signin\">Aqu\u00ed<\/button><\/p>\n\t\t\t\t\t\t\t<\/div>\n\t\t\t\t\t\t\t\t\t\t\t<\/form>\n\t\t\t\t<\/div>\n\t\t\t<\/div>\n\t\t<\/div> <!--ends .row-->\n\t<\/div>\n<\/div>","protected":false},"excerpt":{"rendered":"","protected":false},"author":1,"featured_media":0,"parent":0,"menu_order":0,"comment_status":"closed","ping_status":"closed","template":"","meta":{"_uag_custom_page_level_css":".directorist-user-site-url, .directorist-user-full-name div:nth-child(1) {\n\tdisplay: none;\n}\n","site-sidebar-layout":"default","site-content-layout":"","ast-site-content-layout":"default","site-content-style":"default","site-sidebar-style":"default","ast-global-header-display":"","ast-banner-title-visibility":"","ast-main-header-display":"","ast-hfb-above-header-display":"","ast-hfb-below-header-display":"","ast-hfb-mobile-header-display":"","site-post-title":"","ast-breadcrumbs-content":"","ast-featured-img":"","footer-sml-layout":"","theme-transparent-header-meta":"","adv-header-id-meta":"","stick-header-meta":"","header-above-stick-meta":"","header-main-stick-meta":"","header-below-stick-meta":"","astra-migrate-meta-layouts":"set","ast-page-background-enabled":"default","ast-page-background-meta":{"desktop":{"background-color":"var(--ast-global-color-4)","background-image":"","background-repeat":"repeat","background-position":"center center","background-size":"auto","background-attachment":"scroll","background-type":"","background-media":"","overlay-type":"","overlay-color":"","overlay-opacity":"","overlay-gradient":""},"tablet":{"background-color":"","background-image":"","background-repeat":"repeat","background-position":"center center","background-size":"auto","background-attachment":"scroll","background-type":"","background-media":"","overlay-type":"","overlay-color":"","overlay-opacity":"","overlay-gradient":""},"mobile":{"background-color":"","background-image":"","background-repeat":"repeat","background-position":"center center","background-size":"auto","background-attachment":"scroll","background-type":"","background-media":"","overlay-type":"","overlay-color":"","overlay-opacity":"","overlay-gradient":""}},"ast-content-background-meta":{"desktop":{"background-color":"var(--ast-global-color-5)","background-image":"","background-repeat":"repeat","background-position":"center center","background-size":"auto","background-attachment":"scroll","background-type":"","background-media":"","overlay-type":"","overlay-color":"","overlay-opacity":"","overlay-gradient":""},"tablet":{"background-color":"var(--ast-global-color-5)","background-image":"","background-repeat":"repeat","background-position":"center center","background-size":"auto","background-attachment":"scroll","background-type":"","background-media":"","overlay-type":"","overlay-color":"","overlay-opacity":"","overlay-gradient":""},"mobile":{"background-color":"var(--ast-global-color-5)","background-image":"","background-repeat":"repeat","background-position":"center center","background-size":"auto","background-attachment":"scroll","background-type":"","background-media":"","overlay-type":"","overlay-color":"","overlay-opacity":"","overlay-gradient":""}},"footnotes":""},"class_list":["post-72","page","type-page","status-publish","hentry"],"uagb_featured_image_src":{"full":false,"thumbnail":false,"medium":false,"medium_large":false,"large":false,"1536x1536":false,"2048x2048":false},"uagb_author_info":{"display_name":"Daniel","author_link":"https:\/\/www.forodelsectorsocial.org.ar\/osc\/author\/daniel\/"},"uagb_comment_info":0,"uagb_excerpt":null,"_links":{"self":[{"href":"https:\/\/www.forodelsectorsocial.org.ar\/osc\/wp-json\/wp\/v2\/pages\/72"}],"collection":[{"href":"https:\/\/www.forodelsectorsocial.org.ar\/osc\/wp-json\/wp\/v2\/pages"}],"about":[{"href":"https:\/\/www.forodelsectorsocial.org.ar\/osc\/wp-json\/wp\/v2\/types\/page"}],"author":[{"embeddable":true,"href":"https:\/\/www.forodelsectorsocial.org.ar\/osc\/wp-json\/wp\/v2\/users\/1"}],"replies":[{"embeddable":true,"href":"https:\/\/www.forodelsectorsocial.org.ar\/osc\/wp-json\/wp\/v2\/comments?post=72"}],"version-history":[{"count":4,"href":"https:\/\/www.forodelsectorsocial.org.ar\/osc\/wp-json\/wp\/v2\/pages\/72\/revisions"}],"predecessor-version":[{"id":6945,"href":"https:\/\/www.forodelsectorsocial.org.ar\/osc\/wp-json\/wp\/v2\/pages\/72\/revisions\/6945"}],"wp:attachment":[{"href":"https:\/\/www.forodelsectorsocial.org.ar\/osc\/wp-json\/wp\/v2\/media?parent=72"}],"curies":[{"name":"wp","href":"https:\/\/api.w.org\/{rel}","templated":true}]}}