{"id":74,"date":"2020-03-12T03:37:06","date_gmt":"2020-03-12T03:37:06","guid":{"rendered":"https:\/\/www.forodelsectorsocial.org.ar\/osc\/login-2\/"},"modified":"2024-07-19T17:42:02","modified_gmt":"2024-07-19T17:42:02","slug":"login-2","status":"publish","type":"page","link":"https:\/\/www.forodelsectorsocial.org.ar\/osc\/panel\/login-2\/","title":{"rendered":"Acceder"},"content":{"rendered":"<div class=\"directorist-login-wrapper directorist-w-100\">\n    <div class=\"directorist-container-fluid\">\n        <div class=\"directorist-row\">\n            <div class=\"directorist-col-md-6 directorist-offset-md-3\">\n                <div class=\"atbdp_login_form_shortcode\">\n\t\t\t\t\t\n\t\t\t\t\t\n\t\t\t\t\t\t\t\t\t\t\t<form action=\"#\" id=\"login\" method=\"POST\">\n\t\t\t\t\t\t\t<p class=\"status\"><\/p>\n\t\t\t\t\t\t\t<div class=\"directorist-form-group directorist-mb-15\">\n\t\t\t\t\t\t\t\t<label for=\"username\">Usuario o email<\/label>\n\t\t\t\t\t\t\t\t<input type=\"text\" class=\"directorist-form-element\" id=\"username\" name=\"username\">\n\t\t\t\t\t\t\t<\/div>\n\n\t\t\t\t\t\t\t<div class=\"directorist-form-group directorist-mb-15\">\n\t\t\t\t\t\t\t\t<label for=\"password\">Contrase\u00f1a<\/label>\n\t\t\t\t\t\t\t\t<input type=\"password\" id=\"password\" autocomplete=\"off\" name=\"password\" class=\"directorist-form-element\">\n\t\t\t\t\t\t\t<\/div>\n\n\t\t\t\t\t\t\t<div class=\"directorist-form-group atbd_login_btn_wrapper directorist-mb-15\">\n\t\t\t\t\t\t\t\t<button class=\"directorist-btn directorist-btn-block directorist-btn-primary\" type=\"submit\" value=\"Acceder\" name=\"submit\">Acceder<\/button>\n\t\t\t\t\t\t\t\t<input type=\"hidden\" id=\"security\" name=\"security\" value=\"20069d21b9\" \/><input type=\"hidden\" name=\"_wp_http_referer\" value=\"\/osc\/wp-json\/wp\/v2\/pages\/74\" \/>\t\t\t\t\t\t\t<\/div>\n\n\t\t\t\t\t\t\t<div class=\"keep_signed directorist-checkbox directorist-mb-15\">\n\t\t\t\t\t\t\t\t\t\t\t\t\t\t\t\t\t<input type=\"checkbox\" id=\"keep_signed_in\" value=\"1\" name=\"keep_signed_in\" checked>\n\t\t\t\t\t\t\t\t\t<label for=\"keep_signed_in\" class=\"directorist-checkbox__label not_empty\">\n\t\t\t\t\t\t\t\t\t\tRecordarme\t\t\t\t\t\t\t\t\t<\/label>\n\t\t\t\t\t\t\t\t\t\t\t\t\t\t\t<\/div>\n\n\t\t\t\t\t\t\t<p><a href=\"\" class=\"atbdp_recovery_pass\">Recuperar contrase\u00f1a<\/a><\/p>\t\t\t\t\t\t<\/form>\n\n\t\t\t\t\t\t<div class=\"atbd_social_login\">\n\t\t\t\t\t\t\t\t\t\t\t\t\t<\/div>\n\n\t\t\t\t\t\t\t\t\t\t\t\t\t<p>\n\t\t\t\t\t\t\t\t\u00bfA\u00fan no tiene una cuenta de usuario?\t\t\t\t\t\t\t\t<a href=\"https:\/\/www.forodelsectorsocial.org.ar\/osc\/panel\/registro\/\">Reg\u00edstrese<\/a>\n\t\t\t\t\t\t\t<\/p>\n\t\t\t\t\t\t\n\t\t\t\t\t\t\n\t\t\t\t\t\t<div id=\"recover-pass-modal\" class=\"directorist-mt-15\">\n\t\t\t\t\t\t\t<form method=\"post\">\n\t\t\t\t\t\t\t\t<fieldset class=\"directorist-form-group\">\n\t\t\t\t\t\t\t\t\t<p>\u00bfPerdi\u00f3 su contrase\u00f1a? Por favor, introduzca su direcci\u00f3n de correo electr\u00f3nico. Recibir\u00e1 un enlace para crear una nueva contrase\u00f1a por correo electr\u00f3nico.<\/p>\n\t\t\t\t\t\t\t\t\t<label for=\"reset_user_login\">Email<\/label>\n\t\t\t\t\t\t\t\t\t<input type=\"text\" class=\"directorist-form-element\" name=\"user_login\" id=\"reset_user_login\" value=\"\" placeholder=\"nombre@dominio.com\" required=\"required\" \/>\n\t\t\t\t\t\t\t\t\t<p>\n\t\t\t\t\t\t\t\t\t\t<input type=\"hidden\" name=\"action\" value=\"reset\" \/>\n\t\t\t\t\t\t\t\t\t\t<button type=\"submit\" class=\"directorist-btn directorist-btn-primary\" id=\"submit\">Obtener nueva contrase\u00f1a<\/button>\n\t\t\t\t\t\t\t\t\t\t<input type=\"hidden\" value=\"511867476e\" name=\"directorist_nonce\">\n\t\t\t\t\t\t\t\t\t<\/p>\n\t\t\t\t\t\t\t\t<\/fieldset>\n\t\t\t\t\t\t\t<\/form>\n\t\t\t\t\t\t<\/div>\n\t\t\t\t\t\t\t\t\t<\/div><!-- \/.atbdp_login_form_shortcode -->\n\t\t\t<\/div>\n\t\t<\/div>\n\t<\/div>\n<\/div>\n","protected":false},"excerpt":{"rendered":"","protected":false},"author":1,"featured_media":0,"parent":72,"menu_order":0,"comment_status":"closed","ping_status":"closed","template":"","meta":{"_uag_custom_page_level_css":"","site-sidebar-layout":"default","site-content-layout":"","ast-site-content-layout":"default","site-content-style":"default","site-sidebar-style":"default","ast-global-header-display":"","ast-banner-title-visibility":"","ast-main-header-display":"","ast-hfb-above-header-display":"","ast-hfb-below-header-display":"","ast-hfb-mobile-header-display":"","site-post-title":"","ast-breadcrumbs-content":"","ast-featured-img":"","footer-sml-layout":"","theme-transparent-header-meta":"","adv-header-id-meta":"","stick-header-meta":"","header-above-stick-meta":"","header-main-stick-meta":"","header-below-stick-meta":"","astra-migrate-meta-layouts":"set","ast-page-background-enabled":"default","ast-page-background-meta":{"desktop":{"background-color":"var(--ast-global-color-4)","background-image":"","background-repeat":"repeat","background-position":"center center","background-size":"auto","background-attachment":"scroll","background-type":"","background-media":"","overlay-type":"","overlay-color":"","overlay-opacity":"","overlay-gradient":""},"tablet":{"background-color":"","background-image":"","background-repeat":"repeat","background-position":"center center","background-size":"auto","background-attachment":"scroll","background-type":"","background-media":"","overlay-type":"","overlay-color":"","overlay-opacity":"","overlay-gradient":""},"mobile":{"background-color":"","background-image":"","background-repeat":"repeat","background-position":"center center","background-size":"auto","background-attachment":"scroll","background-type":"","background-media":"","overlay-type":"","overlay-color":"","overlay-opacity":"","overlay-gradient":""}},"ast-content-background-meta":{"desktop":{"background-color":"var(--ast-global-color-5)","background-image":"","background-repeat":"repeat","background-position":"center center","background-size":"auto","background-attachment":"scroll","background-type":"","background-media":"","overlay-type":"","overlay-color":"","overlay-opacity":"","overlay-gradient":""},"tablet":{"background-color":"var(--ast-global-color-5)","background-image":"","background-repeat":"repeat","background-position":"center center","background-size":"auto","background-attachment":"scroll","background-type":"","background-media":"","overlay-type":"","overlay-color":"","overlay-opacity":"","overlay-gradient":""},"mobile":{"background-color":"var(--ast-global-color-5)","background-image":"","background-repeat":"repeat","background-position":"center center","background-size":"auto","background-attachment":"scroll","background-type":"","background-media":"","overlay-type":"","overlay-color":"","overlay-opacity":"","overlay-gradient":""}},"footnotes":""},"class_list":["post-74","page","type-page","status-publish","hentry"],"uagb_featured_image_src":{"full":false,"thumbnail":false,"medium":false,"medium_large":false,"large":false,"1536x1536":false,"2048x2048":false},"uagb_author_info":{"display_name":"Daniel","author_link":"https:\/\/www.forodelsectorsocial.org.ar\/osc\/author\/daniel\/"},"uagb_comment_info":0,"uagb_excerpt":null,"_links":{"self":[{"href":"https:\/\/www.forodelsectorsocial.org.ar\/osc\/wp-json\/wp\/v2\/pages\/74"}],"collection":[{"href":"https:\/\/www.forodelsectorsocial.org.ar\/osc\/wp-json\/wp\/v2\/pages"}],"about":[{"href":"https:\/\/www.forodelsectorsocial.org.ar\/osc\/wp-json\/wp\/v2\/types\/page"}],"author":[{"embeddable":true,"href":"https:\/\/www.forodelsectorsocial.org.ar\/osc\/wp-json\/wp\/v2\/users\/1"}],"replies":[{"embeddable":true,"href":"https:\/\/www.forodelsectorsocial.org.ar\/osc\/wp-json\/wp\/v2\/comments?post=74"}],"version-history":[{"count":2,"href":"https:\/\/www.forodelsectorsocial.org.ar\/osc\/wp-json\/wp\/v2\/pages\/74\/revisions"}],"predecessor-version":[{"id":6310,"href":"https:\/\/www.forodelsectorsocial.org.ar\/osc\/wp-json\/wp\/v2\/pages\/74\/revisions\/6310"}],"up":[{"embeddable":true,"href":"https:\/\/www.forodelsectorsocial.org.ar\/osc\/wp-json\/wp\/v2\/pages\/72"}],"wp:attachment":[{"href":"https:\/\/www.forodelsectorsocial.org.ar\/osc\/wp-json\/wp\/v2\/media?parent=74"}],"curies":[{"name":"wp","href":"https:\/\/api.w.org\/{rel}","templated":true}]}}